{"id":17,"date":"2018-05-19T15:18:02","date_gmt":"2018-05-19T15:18:02","guid":{"rendered":"http:\/\/nassauer-kanu-club.de\/?page_id=17"},"modified":"2026-02-04T18:24:45","modified_gmt":"2026-02-04T18:24:45","slug":"aktuelles","status":"publish","type":"page","link":"https:\/\/nassauer-kanu-club.de\/","title":{"rendered":"Aktuelles"},"content":{"rendered":"\n<h2 class=\"wp-block-heading\"><strong>am <mark style=\"background-color:rgba(0, 0, 0, 0)\" class=\"has-inline-color has-vivid-red-color\">Freitag, den 06.M\u00e4rz 2026 um 19 Uhr<\/mark> findet die Jahreshauptversammlung des Nassauer Kanu-Clubs in unserem sch\u00f6nen Bootshaus statt. Da in diesem Jahr die Neuwahlen anstehen, wird um zahlreiches Erscheinen dringend gebeten!<\/strong><\/h2>\n\n\n\n<p><\/p>\n\n\n\n<p>das Jahr 2026 hat grad erst angefangen, die Jahreshauptversammlung hat noch nicht stattgefunden, da beginnt es im Vorstand schon wieder an zu kribbeln, denn jeden Tag steigert sich die Vorfreude auf die &#8230;<\/p>\n\n\n\n<h1 class=\"wp-block-heading\"><mark style=\"background-color:rgba(0, 0, 0, 0)\" class=\"has-inline-color has-vivid-cyan-blue-color\">19. Drachenbootregatta am 22.August 2026<\/mark><\/h1>\n\n\n\n<p><strong>Am Samstag, den 22.08.2026 ist es wieder soweit:<\/strong><\/p>\n\n\n\n<ul class=\"wp-block-list\">\n<li><strong>der Ruf des Starters &#8222;<mark style=\"background-color:rgba(0, 0, 0, 0)\" class=\"has-inline-color has-vivid-red-color\">READY &#8211; ATTENTION &#8211; GO!<\/mark>&#8220; ert\u00f6nt am Ufer der Lahn<\/strong><\/li>\n\n\n\n<li><strong>die Trommeln der Drachenboote hallen \u00fcber den Fluss<\/strong><\/li>\n\n\n\n<li><strong>die Schreie der Teams w\u00e4hrend der Rennen lassen die Luft vibrieren<\/strong><\/li>\n\n\n\n<li><strong>die Ruder der Athleten peitschen das Wasser und t\u00fcrmen es am Bug zu Wellen empor<\/strong><\/li>\n\n\n\n<li><strong>die Anfeuerungsrufe der zahlreichen Zuschauer lassen die Luft erbeben<\/strong><\/li>\n\n\n\n<li><strong>die Glocke im Zieleinlauf gibt den Sieger und den Zweitplazierten bekannt<\/strong><\/li>\n\n\n\n<li><strong>und der Moderator gibt f\u00fcr alle Zuschauer die Plazierungen und die Zeiten bekannt<\/strong><\/li>\n\n\n\n<li><strong>und \u00fcber dem ganzen sportlichen Ambiente der Teams und Rennen schwebt die strahlend gute Laune der zahlreichen Fans und begeisterten Zuschauer, die bei selbstgebackenem Kuchen und Leckereien vom Grill und gut gek\u00fchlten Getr\u00e4nken diese Veranstaltung des Nassauer Kanu-Clubs zu einem Erlebnis f\u00fcr alt und jung machen<\/strong><\/li>\n<\/ul>\n\n\n\n<p><strong>UND DARUM KOMMT VORBEI UND GENIESST DIESES EVENT MIT ALLEN AN DER WUNDERSCH\u00d6NEN LAHN HIER IM IDYLLISCHEN NASSAU!<\/strong><\/p>\n\n\n\n<p><\/p>\n\n\n\n<p><\/p>\n\n\n\n<p><\/p>\n","protected":false},"excerpt":{"rendered":"<p>am Freitag, den 06.M\u00e4rz 2026 um 19 Uhr findet die Jahreshauptversammlung des Nassauer Kanu-Clubs in unserem sch\u00f6nen Bootshaus statt. Da in diesem Jahr die Neuwahlen anstehen, wird um zahlreiches Erscheinen dringend gebeten! das Jahr 2026 hat grad erst angefangen, die Jahreshauptversammlung hat noch nicht stattgefunden, da beginnt es im Vorstand schon wieder an zu kribbeln, [&hellip;]<\/p>\n","protected":false},"author":1,"featured_media":0,"parent":0,"menu_order":0,"comment_status":"closed","ping_status":"closed","template":"","meta":{"footnotes":""},"class_list":["post-17","page","type-page","status-publish","hentry"],"_links":{"self":[{"href":"https:\/\/nassauer-kanu-club.de\/index.php?rest_route=\/wp\/v2\/pages\/17","targetHints":{"allow":["GET"]}}],"collection":[{"href":"https:\/\/nassauer-kanu-club.de\/index.php?rest_route=\/wp\/v2\/pages"}],"about":[{"href":"https:\/\/nassauer-kanu-club.de\/index.php?rest_route=\/wp\/v2\/types\/page"}],"author":[{"embeddable":true,"href":"https:\/\/nassauer-kanu-club.de\/index.php?rest_route=\/wp\/v2\/users\/1"}],"replies":[{"embeddable":true,"href":"https:\/\/nassauer-kanu-club.de\/index.php?rest_route=%2Fwp%2Fv2%2Fcomments&post=17"}],"version-history":[{"count":71,"href":"https:\/\/nassauer-kanu-club.de\/index.php?rest_route=\/wp\/v2\/pages\/17\/revisions"}],"predecessor-version":[{"id":598,"href":"https:\/\/nassauer-kanu-club.de\/index.php?rest_route=\/wp\/v2\/pages\/17\/revisions\/598"}],"wp:attachment":[{"href":"https:\/\/nassauer-kanu-club.de\/index.php?rest_route=%2Fwp%2Fv2%2Fmedia&parent=17"}],"curies":[{"name":"wp","href":"https:\/\/api.w.org\/{rel}","templated":true}]}}