{"id":23,"date":"2018-05-21T17:06:55","date_gmt":"2018-05-21T17:06:55","guid":{"rendered":"http:\/\/nassauer-kanu-club.de\/?page_id=23"},"modified":"2022-06-27T17:27:05","modified_gmt":"2022-06-27T17:27:05","slug":"unser-bootshaus","status":"publish","type":"page","link":"https:\/\/nassauer-kanu-club.de\/?page_id=23","title":{"rendered":"Unser Bootshaus"},"content":{"rendered":"<h2>Unser Bootshaus<\/h2>\n<p><span style=\"color: #9a3730;\">Lahnkilometer 116,5<\/span><\/p>\n<p><img loading=\"lazy\" decoding=\"async\" class=\"alignnone wp-image-223 size-large\" src=\"https:\/\/nassauer-kanu-club.de\/wp-content\/uploads\/2019\/08\/Bootshaus-NKC-2019-1024x683.jpg\" alt=\"\" width=\"1024\" height=\"683\" srcset=\"https:\/\/nassauer-kanu-club.de\/wp-content\/uploads\/2019\/08\/Bootshaus-NKC-2019-1024x683.jpg 1024w, https:\/\/nassauer-kanu-club.de\/wp-content\/uploads\/2019\/08\/Bootshaus-NKC-2019-300x200.jpg 300w, https:\/\/nassauer-kanu-club.de\/wp-content\/uploads\/2019\/08\/Bootshaus-NKC-2019-768x512.jpg 768w, https:\/\/nassauer-kanu-club.de\/wp-content\/uploads\/2019\/08\/Bootshaus-NKC-2019-990x660.jpg 990w\" sizes=\"auto, (max-width: 1024px) 100vw, 1024px\" \/><\/p>\n<p>Treffpunkt f\u00fcr Paddler in Nassau. G\u00e4ste sind bei uns herzlich willkommen. Wir treffen uns hier zum Trainieren und zum gem\u00fctlichen Zusammensitzen.<\/p>\n<p>Paddler und Ruderer, die uns mit ihren Booten besuchen, d\u00fcrfen gerne an unserem Steg anlegen. Ihr d\u00fcrft \u00fcber Nacht gerne Gep\u00e4ck bei uns einschlie\u00dfen. Die n\u00e4chste \u00dcbernachtungsgelegenheit von unserem Steg aus ist der Nassauer Campingplatz direkt nebenan.<\/p>\n<p>In Nassau selbst k\u00f6nnen wir Euch leider keine Schlafpl\u00e4tze anbieten, weil wir hier nicht darauf ausgerichtet sind. Daf\u00fcr haben wir unser Campinggel\u00e4nde, au\u00dferhalb von Nassau. Per Email informieren wir Euch \u00fcber die Lage und die Anlandem\u00f6glichkeit. Mit diesem nichtkommerziellen Angebot richten wir uns vor allem an DKV-Mitglieder.<\/p>\n<p>F\u00fcr Mannschaftskanadier, Rudergigs und \u00e4hnliche Boote ist die Anlandestelle abzuraten. Vom begeh- oder befahrbaren Wegen aus ist der Zugang vor allem nach regenreichen Tagen sehr beschwerlich.<\/p>\n<p><strong>Anmeldungen<\/strong> und Kontakt: Kalli Wiemann: <span style=\"color: #ff0000;\"><a style=\"color: #ff0000;\" href=\"mailto:kh.wiemann@nassauer-kanu-club.de\" data-fcksavedurl=\"mailto:kh.wiemann@nassauer-kanu-club.de\">kh.wiemann@nassauer-kanu-club.de<\/a><\/span><\/p>\n<p>Habt bitte Verst\u00e4ndnis daf\u00fcr, dass <strong>Leihboote<\/strong> an unserem Steg <strong>nicht mehr erlaubt<\/strong> sind.<\/p>\n<h2 style=\"text-align: center;\"><span style=\"color: #339966;\"><strong>Stegordnung<\/strong><\/span><\/h2>\n<ul>\n<li>Der NASSAUER KANU-CLUB ist ein gastfreundlicher Verein und stellt den Wassersportlern die vereinseigene Steganlage gerne zur Verf\u00fcgung.<\/li>\n<li>Vereinsfremde bekommen die n\u00f6tige Genehmigung zur Nutzung beim Bootshauswart <span style=\"color: #ff0000;\">Herrn Wiemann<\/span>. Dieser ist zu erreichen unter Mobil: <span style=\"color: #ff0000;\">0151-21056166<\/span>.<\/li>\n<\/ul>\n<ul>\n<li>Die Steganlage ist Vereinseigentum inkl. der Wiesen davor und wird ehrenamtlich gepflegt.<\/li>\n<li>Das Anlegen und Einsetzen von Leihkanus ist nicht gestattet.<\/li>\n<li>Eine Zufahrt ist nur f\u00fcr Anlieger gestattet.<\/li>\n<li>Baden im Bereich der Steganlage ist verboten.<\/li>\n<li>Das Betreten der Steganlage erfolgt f\u00fcr Vereinsfremde auf eigene Gefahr.<\/li>\n<li>Anordnungen von Mitgliedern des NASSAUER KANU-CLUB ist Folge zu leisten.<\/li>\n<li>Bei einer Pause an unserem Steg sind die Boote aus dem Wasser zu holen, damit der Steg auch f\u00fcr andere Wassersportler in dieser Zeit nutzbar ist und der Platz nicht blockiert wird.<\/li>\n<\/ul>\n<ul>\n<li>Die Beschilderung an der Steganlage ist zu Beachten.<\/li>\n<li>Angeln ist von April bis Oktober verboten.<\/li>\n<\/ul>\n<p>Der Vorstand NASSAUER KANU-CLUB 1950 e.V.<\/p>\n","protected":false},"excerpt":{"rendered":"<p>Unser Bootshaus Lahnkilometer 116,5 Treffpunkt f\u00fcr Paddler in Nassau. G\u00e4ste sind bei uns herzlich willkommen. Wir treffen uns hier zum Trainieren und zum gem\u00fctlichen Zusammensitzen. Paddler und Ruderer, die uns mit ihren Booten besuchen, d\u00fcrfen gerne an unserem Steg anlegen. Ihr d\u00fcrft \u00fcber Nacht gerne Gep\u00e4ck bei uns einschlie\u00dfen. Die n\u00e4chste \u00dcbernachtungsgelegenheit von unserem Steg [&hellip;]<\/p>\n","protected":false},"author":1,"featured_media":0,"parent":0,"menu_order":0,"comment_status":"closed","ping_status":"closed","template":"","meta":{"footnotes":""},"class_list":["post-23","page","type-page","status-publish","hentry"],"_links":{"self":[{"href":"https:\/\/nassauer-kanu-club.de\/index.php?rest_route=\/wp\/v2\/pages\/23","targetHints":{"allow":["GET"]}}],"collection":[{"href":"https:\/\/nassauer-kanu-club.de\/index.php?rest_route=\/wp\/v2\/pages"}],"about":[{"href":"https:\/\/nassauer-kanu-club.de\/index.php?rest_route=\/wp\/v2\/types\/page"}],"author":[{"embeddable":true,"href":"https:\/\/nassauer-kanu-club.de\/index.php?rest_route=\/wp\/v2\/users\/1"}],"replies":[{"embeddable":true,"href":"https:\/\/nassauer-kanu-club.de\/index.php?rest_route=%2Fwp%2Fv2%2Fcomments&post=23"}],"version-history":[{"count":7,"href":"https:\/\/nassauer-kanu-club.de\/index.php?rest_route=\/wp\/v2\/pages\/23\/revisions"}],"predecessor-version":[{"id":435,"href":"https:\/\/nassauer-kanu-club.de\/index.php?rest_route=\/wp\/v2\/pages\/23\/revisions\/435"}],"wp:attachment":[{"href":"https:\/\/nassauer-kanu-club.de\/index.php?rest_route=%2Fwp%2Fv2%2Fmedia&parent=23"}],"curies":[{"name":"wp","href":"https:\/\/api.w.org\/{rel}","templated":true}]}}